{"id":349,"date":"2024-04-04T15:50:33","date_gmt":"2024-04-04T19:50:33","guid":{"rendered":"https:\/\/circuitsfrontieres.com\/mountain-bike\/"},"modified":"2024-05-07T10:13:35","modified_gmt":"2024-05-07T14:13:35","slug":"mountain-bike","status":"publish","type":"page","link":"https:\/\/circuitsfrontieres.com\/en\/mountain-bike\/","title":{"rendered":"Mountain bike"},"content":{"rendered":"\t\t<div data-elementor-type=\"wp-page\" data-elementor-id=\"349\" class=\"elementor elementor-349 elementor-28\" data-elementor-post-type=\"page\">\n\t\t\t\t<div class=\"elementor-element elementor-element-9a3f1d1 e-flex e-con-boxed e-con e-parent\" data-id=\"9a3f1d1\" data-element_type=\"container\" data-e-type=\"container\" data-settings=\"{&quot;jet_parallax_layout_list&quot;:[]}\">\n\t\t\t\t\t<div class=\"e-con-inner\">\n\t\t<div class=\"elementor-element elementor-element-80163c8 e-con-full padding0 e-flex e-con e-child\" data-id=\"80163c8\" data-element_type=\"container\" data-e-type=\"container\" data-settings=\"{&quot;jet_parallax_layout_list&quot;:[]}\">\n\t\t\t\t<div class=\"elementor-element elementor-element-56a9092 elementor-widget elementor-widget-image\" data-id=\"56a9092\" data-element_type=\"widget\" data-e-type=\"widget\" data-widget_type=\"image.default\">\n\t\t\t\t<div class=\"elementor-widget-container\">\n\t\t\t\t\t\t\t\t\t\t\t\t\t\t\t<img fetchpriority=\"high\" decoding=\"async\" width=\"412\" height=\"352\" src=\"https:\/\/circuitsfrontieres.com\/wp-content\/uploads\/2024\/04\/Asset-2.png\" class=\"attachment-large size-large wp-image-70\" alt=\"\" srcset=\"https:\/\/circuitsfrontieres.com\/wp-content\/uploads\/2024\/04\/Asset-2.png 412w, https:\/\/circuitsfrontieres.com\/wp-content\/uploads\/2024\/04\/Asset-2-300x256.png 300w\" sizes=\"(max-width: 412px) 100vw, 412px\" \/>\t\t\t\t\t\t\t\t\t\t\t\t\t\t\t<\/div>\n\t\t\t\t<\/div>\n\t\t\t\t<\/div>\n\t\t<div class=\"elementor-element elementor-element-193366b e-con-full padding0 e-flex e-con e-child\" data-id=\"193366b\" data-element_type=\"container\" data-e-type=\"container\" data-settings=\"{&quot;jet_parallax_layout_list&quot;:[]}\">\n\t\t\t\t<div class=\"elementor-element elementor-element-33382c6 elementor-widget elementor-widget-heading\" data-id=\"33382c6\" data-element_type=\"widget\" data-e-type=\"widget\" data-widget_type=\"heading.default\">\n\t\t\t\t<div class=\"elementor-widget-container\">\n\t\t\t\t\t<h2 class=\"elementor-heading-title elementor-size-default\">MOUNTAIN BIKING AT CIRCUITS FRONTI\u00c8RES:<\/h2>\t\t\t\t<\/div>\n\t\t\t\t<\/div>\n\t\t\t\t<div class=\"elementor-element elementor-element-cc03178 elementor-widget elementor-widget-heading\" data-id=\"cc03178\" data-element_type=\"widget\" data-e-type=\"widget\" data-widget_type=\"heading.default\">\n\t\t\t\t<div class=\"elementor-widget-container\">\n\t\t\t\t\t<h3 class=\"elementor-heading-title elementor-size-default\">A unique experience in Quebec<\/h3>\t\t\t\t<\/div>\n\t\t\t\t<\/div>\n\t\t\t\t<div class=\"elementor-element elementor-element-0b60d21 elementor-widget elementor-widget-spacer\" data-id=\"0b60d21\" data-element_type=\"widget\" data-e-type=\"widget\" data-widget_type=\"spacer.default\">\n\t\t\t\t<div class=\"elementor-widget-container\">\n\t\t\t\t\t\t\t<div class=\"elementor-spacer\">\n\t\t\t<div class=\"elementor-spacer-inner\"><\/div>\n\t\t<\/div>\n\t\t\t\t\t\t<\/div>\n\t\t\t\t<\/div>\n\t\t\t\t<div class=\"elementor-element elementor-element-6159872 elementor-widget elementor-widget-text-editor\" data-id=\"6159872\" data-element_type=\"widget\" data-e-type=\"widget\" data-widget_type=\"text-editor.default\">\n\t\t\t\t<div class=\"elementor-widget-container\">\n\t\t\t\t\t\t\t\t\t<p>Circuits Fronti\u00e8res offers trails for all levels of cyclists: from easy, rolling beginner trails to epic all-mountain adventures on fast, rhythmic and challenging trails.<\/p>\n<p>The trails have been designed by and for mountain bikers, with a focus on variety, fun and a sense of adventure. Trail sections cover long distances, minimizing the number of intersections, so you can ride contemplatively without constantly having to look at the trail map.  <\/p>\n\t\t\t\t\t\t\t\t<\/div>\n\t\t\t\t<\/div>\n\t\t\t\t<div class=\"elementor-element elementor-element-edf5df0 elementor-widget elementor-widget-spacer\" data-id=\"edf5df0\" data-element_type=\"widget\" data-e-type=\"widget\" data-widget_type=\"spacer.default\">\n\t\t\t\t<div class=\"elementor-widget-container\">\n\t\t\t\t\t\t\t<div class=\"elementor-spacer\">\n\t\t\t<div class=\"elementor-spacer-inner\"><\/div>\n\t\t<\/div>\n\t\t\t\t\t\t<\/div>\n\t\t\t\t<\/div>\n\t\t<div class=\"elementor-element elementor-element-66fad6d e-con-full e-flex e-con e-child\" data-id=\"66fad6d\" data-element_type=\"container\" data-e-type=\"container\" data-settings=\"{&quot;jet_parallax_layout_list&quot;:[]}\">\n\t\t\t\t<div class=\"elementor-element elementor-element-1145c52 elementor-widget elementor-widget-heading\" data-id=\"1145c52\" data-element_type=\"widget\" data-e-type=\"widget\" data-widget_type=\"heading.default\">\n\t\t\t\t<div class=\"elementor-widget-container\">\n\t\t\t\t\t<h4 class=\"elementor-heading-title elementor-size-default\">Before you go...<\/h4>\t\t\t\t<\/div>\n\t\t\t\t<\/div>\n\t\t\t\t<div class=\"elementor-element elementor-element-5d646f0 elementor-widget elementor-widget-text-editor\" data-id=\"5d646f0\" data-element_type=\"widget\" data-e-type=\"widget\" data-widget_type=\"text-editor.default\">\n\t\t\t\t<div class=\"elementor-widget-container\">\n\t\t\t\t\t\t\t\t\t<p>Don&#8217;t forget to be well prepared before hitting the trails. For your safety and a carefree day out, be sure to follow our code of conduct. <\/p>\n\t\t\t\t\t\t\t\t<\/div>\n\t\t\t\t<\/div>\n\t\t\t\t<div class=\"elementor-element elementor-element-c2c6395 e-transform elementor-align-right elementor-widget elementor-widget-button\" data-id=\"c2c6395\" data-element_type=\"widget\" data-e-type=\"widget\" data-settings=\"{&quot;_transform_translateY_effect_hover&quot;:{&quot;unit&quot;:&quot;px&quot;,&quot;size&quot;:-3,&quot;sizes&quot;:[]},&quot;_transform_translateX_effect_hover&quot;:{&quot;unit&quot;:&quot;px&quot;,&quot;size&quot;:&quot;&quot;,&quot;sizes&quot;:[]},&quot;_transform_translateX_effect_hover_tablet&quot;:{&quot;unit&quot;:&quot;px&quot;,&quot;size&quot;:&quot;&quot;,&quot;sizes&quot;:[]},&quot;_transform_translateX_effect_hover_mobile&quot;:{&quot;unit&quot;:&quot;px&quot;,&quot;size&quot;:&quot;&quot;,&quot;sizes&quot;:[]},&quot;_transform_translateY_effect_hover_tablet&quot;:{&quot;unit&quot;:&quot;px&quot;,&quot;size&quot;:&quot;&quot;,&quot;sizes&quot;:[]},&quot;_transform_translateY_effect_hover_mobile&quot;:{&quot;unit&quot;:&quot;px&quot;,&quot;size&quot;:&quot;&quot;,&quot;sizes&quot;:[]}}\" data-widget_type=\"button.default\">\n\t\t\t\t<div class=\"elementor-widget-container\">\n\t\t\t\t\t\t\t\t\t<div class=\"elementor-button-wrapper\">\n\t\t\t\t\t<a class=\"elementor-button elementor-button-link elementor-size-sm\" href=\"https:\/\/circuitsfrontieres.com\/en\/good-to-know\/\">\n\t\t\t\t\t\t<span class=\"elementor-button-content-wrapper\">\n\t\t\t\t\t\t\t\t\t<span class=\"elementor-button-text\">Good to know<\/span>\n\t\t\t\t\t<\/span>\n\t\t\t\t\t<\/a>\n\t\t\t\t<\/div>\n\t\t\t\t\t\t\t\t<\/div>\n\t\t\t\t<\/div>\n\t\t\t\t<\/div>\n\t\t\t\t<\/div>\n\t\t\t\t\t<\/div>\n\t\t\t\t<\/div>\n\t\t<div class=\"elementor-element elementor-element-3ac3c48 e-flex e-con-boxed e-con e-parent\" data-id=\"3ac3c48\" data-element_type=\"container\" data-e-type=\"container\" data-settings=\"{&quot;jet_parallax_layout_list&quot;:[]}\">\n\t\t\t\t\t<div class=\"e-con-inner\">\n\t\t\t\t\t<\/div>\n\t\t\t\t<\/div>\n\t\t\t\t<\/div>\n\t\t","protected":false},"excerpt":{"rendered":"<p>MOUNTAIN BIKING AT CIRCUITS FRONTI\u00c8RES: A unique experience in Quebec Circuits Fronti\u00e8res offers trails for all levels of cyclists: from easy, rolling beginner trails to epic all-mountain adventures on fast, rhythmic and challenging trails. The trails have been designed by and for mountain bikers, with a focus on variety, fun and a sense of adventure. [&hellip;]<\/p>\n","protected":false},"author":3,"featured_media":88,"parent":0,"menu_order":0,"comment_status":"closed","ping_status":"closed","template":"","meta":{"footnotes":""},"categorie-pour-page":[35],"class_list":["post-349","page","type-page","status-publish","has-post-thumbnail","hentry","categorie-pour-page-activities"],"yoast_head":"<!-- This site is optimized with the Yoast SEO plugin v27.4 - https:\/\/yoast.com\/product\/yoast-seo-wordpress\/ -->\n<title>Mountain bike - Circuits Fronti\u00e8res<\/title>\n<meta name=\"robots\" content=\"index, follow, max-snippet:-1, max-image-preview:large, max-video-preview:-1\" \/>\n<link rel=\"canonical\" href=\"https:\/\/circuitsfrontieres.com\/en\/mountain-bike\/\" \/>\n<meta property=\"og:locale\" content=\"en_US\" \/>\n<meta property=\"og:type\" content=\"article\" \/>\n<meta property=\"og:title\" content=\"Mountain bike - Circuits Fronti\u00e8res\" \/>\n<meta property=\"og:description\" content=\"MOUNTAIN BIKING AT CIRCUITS FRONTI\u00c8RES: A unique experience in Quebec Circuits Fronti\u00e8res offers trails for all levels of cyclists: from easy, rolling beginner trails to epic all-mountain adventures on fast, rhythmic and challenging trails. The trails have been designed by and for mountain bikers, with a focus on variety, fun and a sense of adventure. [&hellip;]\" \/>\n<meta property=\"og:url\" content=\"https:\/\/circuitsfrontieres.com\/en\/mountain-bike\/\" \/>\n<meta property=\"og:site_name\" content=\"Circuits Fronti\u00e8res\" \/>\n<meta property=\"article:publisher\" content=\"https:\/\/www.facebook.com\/CircuitsF\" \/>\n<meta property=\"article:modified_time\" content=\"2024-05-07T14:13:35+00:00\" \/>\n<meta property=\"og:image\" content=\"https:\/\/circuitsfrontieres.com\/wp-content\/uploads\/2024\/04\/Photo-V\uff2do-montagne_2.webp\" \/>\n\t<meta property=\"og:image:width\" content=\"2000\" \/>\n\t<meta property=\"og:image:height\" content=\"795\" \/>\n\t<meta property=\"og:image:type\" content=\"image\/webp\" \/>\n<meta name=\"twitter:card\" content=\"summary_large_image\" \/>\n<meta name=\"twitter:label1\" content=\"Est. reading time\" \/>\n\t<meta name=\"twitter:data1\" content=\"1 minute\" \/>\n<script type=\"application\/ld+json\" class=\"yoast-schema-graph\">{\"@context\":\"https:\\\/\\\/schema.org\",\"@graph\":[{\"@type\":\"WebPage\",\"@id\":\"https:\\\/\\\/circuitsfrontieres.com\\\/en\\\/mountain-bike\\\/\",\"url\":\"https:\\\/\\\/circuitsfrontieres.com\\\/en\\\/mountain-bike\\\/\",\"name\":\"Mountain bike - Circuits Fronti\u00e8res\",\"isPartOf\":{\"@id\":\"https:\\\/\\\/circuitsfrontieres.com\\\/en\\\/#website\"},\"primaryImageOfPage\":{\"@id\":\"https:\\\/\\\/circuitsfrontieres.com\\\/en\\\/mountain-bike\\\/#primaryimage\"},\"image\":{\"@id\":\"https:\\\/\\\/circuitsfrontieres.com\\\/en\\\/mountain-bike\\\/#primaryimage\"},\"thumbnailUrl\":\"https:\\\/\\\/circuitsfrontieres.com\\\/wp-content\\\/uploads\\\/2024\\\/04\\\/Photo-V\uff2do-montagne_2.webp\",\"datePublished\":\"2024-04-04T19:50:33+00:00\",\"dateModified\":\"2024-05-07T14:13:35+00:00\",\"breadcrumb\":{\"@id\":\"https:\\\/\\\/circuitsfrontieres.com\\\/en\\\/mountain-bike\\\/#breadcrumb\"},\"inLanguage\":\"en-US\",\"potentialAction\":[{\"@type\":\"ReadAction\",\"target\":[\"https:\\\/\\\/circuitsfrontieres.com\\\/en\\\/mountain-bike\\\/\"]}]},{\"@type\":\"ImageObject\",\"inLanguage\":\"en-US\",\"@id\":\"https:\\\/\\\/circuitsfrontieres.com\\\/en\\\/mountain-bike\\\/#primaryimage\",\"url\":\"https:\\\/\\\/circuitsfrontieres.com\\\/wp-content\\\/uploads\\\/2024\\\/04\\\/Photo-V\uff2do-montagne_2.webp\",\"contentUrl\":\"https:\\\/\\\/circuitsfrontieres.com\\\/wp-content\\\/uploads\\\/2024\\\/04\\\/Photo-V\uff2do-montagne_2.webp\",\"width\":2000,\"height\":795},{\"@type\":\"BreadcrumbList\",\"@id\":\"https:\\\/\\\/circuitsfrontieres.com\\\/en\\\/mountain-bike\\\/#breadcrumb\",\"itemListElement\":[{\"@type\":\"ListItem\",\"position\":1,\"name\":\"Accueil\",\"item\":\"https:\\\/\\\/circuitsfrontieres.com\\\/en\\\/home\\\/\"},{\"@type\":\"ListItem\",\"position\":2,\"name\":\"Mountain bike\"}]},{\"@type\":\"WebSite\",\"@id\":\"https:\\\/\\\/circuitsfrontieres.com\\\/en\\\/#website\",\"url\":\"https:\\\/\\\/circuitsfrontieres.com\\\/en\\\/\",\"name\":\"Circuits Fronti\u00e8res\",\"description\":\"\",\"publisher\":{\"@id\":\"https:\\\/\\\/circuitsfrontieres.com\\\/en\\\/#organization\"},\"potentialAction\":[{\"@type\":\"SearchAction\",\"target\":{\"@type\":\"EntryPoint\",\"urlTemplate\":\"https:\\\/\\\/circuitsfrontieres.com\\\/en\\\/?s={search_term_string}\"},\"query-input\":{\"@type\":\"PropertyValueSpecification\",\"valueRequired\":true,\"valueName\":\"search_term_string\"}}],\"inLanguage\":\"en-US\"},{\"@type\":\"Organization\",\"@id\":\"https:\\\/\\\/circuitsfrontieres.com\\\/en\\\/#organization\",\"name\":\"Circuits Fronti\u00e8res\",\"url\":\"https:\\\/\\\/circuitsfrontieres.com\\\/en\\\/\",\"logo\":{\"@type\":\"ImageObject\",\"inLanguage\":\"en-US\",\"@id\":\"https:\\\/\\\/circuitsfrontieres.com\\\/en\\\/#\\\/schema\\\/logo\\\/image\\\/\",\"url\":\"https:\\\/\\\/circuitsfrontieres.com\\\/wp-content\\\/uploads\\\/2024\\\/04\\\/Logo_circuitsFrontieres.svg\",\"contentUrl\":\"https:\\\/\\\/circuitsfrontieres.com\\\/wp-content\\\/uploads\\\/2024\\\/04\\\/Logo_circuitsFrontieres.svg\",\"caption\":\"Circuits Fronti\u00e8res\"},\"image\":{\"@id\":\"https:\\\/\\\/circuitsfrontieres.com\\\/en\\\/#\\\/schema\\\/logo\\\/image\\\/\"},\"sameAs\":[\"https:\\\/\\\/www.facebook.com\\\/CircuitsF\",\"https:\\\/\\\/www.instagram.com\\\/circuits_frontieres\\\/\"]}]}<\/script>\n<!-- \/ Yoast SEO plugin. -->","yoast_head_json":{"title":"Mountain bike - Circuits Fronti\u00e8res","robots":{"index":"index","follow":"follow","max-snippet":"max-snippet:-1","max-image-preview":"max-image-preview:large","max-video-preview":"max-video-preview:-1"},"canonical":"https:\/\/circuitsfrontieres.com\/en\/mountain-bike\/","og_locale":"en_US","og_type":"article","og_title":"Mountain bike - Circuits Fronti\u00e8res","og_description":"MOUNTAIN BIKING AT CIRCUITS FRONTI\u00c8RES: A unique experience in Quebec Circuits Fronti\u00e8res offers trails for all levels of cyclists: from easy, rolling beginner trails to epic all-mountain adventures on fast, rhythmic and challenging trails. The trails have been designed by and for mountain bikers, with a focus on variety, fun and a sense of adventure. [&hellip;]","og_url":"https:\/\/circuitsfrontieres.com\/en\/mountain-bike\/","og_site_name":"Circuits Fronti\u00e8res","article_publisher":"https:\/\/www.facebook.com\/CircuitsF","article_modified_time":"2024-05-07T14:13:35+00:00","og_image":[{"width":2000,"height":795,"url":"https:\/\/circuitsfrontieres.com\/wp-content\/uploads\/2024\/04\/Photo-V\uff2do-montagne_2.webp","type":"image\/webp"}],"twitter_card":"summary_large_image","twitter_misc":{"Est. reading time":"1 minute"},"schema":{"@context":"https:\/\/schema.org","@graph":[{"@type":"WebPage","@id":"https:\/\/circuitsfrontieres.com\/en\/mountain-bike\/","url":"https:\/\/circuitsfrontieres.com\/en\/mountain-bike\/","name":"Mountain bike - Circuits Fronti\u00e8res","isPartOf":{"@id":"https:\/\/circuitsfrontieres.com\/en\/#website"},"primaryImageOfPage":{"@id":"https:\/\/circuitsfrontieres.com\/en\/mountain-bike\/#primaryimage"},"image":{"@id":"https:\/\/circuitsfrontieres.com\/en\/mountain-bike\/#primaryimage"},"thumbnailUrl":"https:\/\/circuitsfrontieres.com\/wp-content\/uploads\/2024\/04\/Photo-V\uff2do-montagne_2.webp","datePublished":"2024-04-04T19:50:33+00:00","dateModified":"2024-05-07T14:13:35+00:00","breadcrumb":{"@id":"https:\/\/circuitsfrontieres.com\/en\/mountain-bike\/#breadcrumb"},"inLanguage":"en-US","potentialAction":[{"@type":"ReadAction","target":["https:\/\/circuitsfrontieres.com\/en\/mountain-bike\/"]}]},{"@type":"ImageObject","inLanguage":"en-US","@id":"https:\/\/circuitsfrontieres.com\/en\/mountain-bike\/#primaryimage","url":"https:\/\/circuitsfrontieres.com\/wp-content\/uploads\/2024\/04\/Photo-V\uff2do-montagne_2.webp","contentUrl":"https:\/\/circuitsfrontieres.com\/wp-content\/uploads\/2024\/04\/Photo-V\uff2do-montagne_2.webp","width":2000,"height":795},{"@type":"BreadcrumbList","@id":"https:\/\/circuitsfrontieres.com\/en\/mountain-bike\/#breadcrumb","itemListElement":[{"@type":"ListItem","position":1,"name":"Accueil","item":"https:\/\/circuitsfrontieres.com\/en\/home\/"},{"@type":"ListItem","position":2,"name":"Mountain bike"}]},{"@type":"WebSite","@id":"https:\/\/circuitsfrontieres.com\/en\/#website","url":"https:\/\/circuitsfrontieres.com\/en\/","name":"Circuits Fronti\u00e8res","description":"","publisher":{"@id":"https:\/\/circuitsfrontieres.com\/en\/#organization"},"potentialAction":[{"@type":"SearchAction","target":{"@type":"EntryPoint","urlTemplate":"https:\/\/circuitsfrontieres.com\/en\/?s={search_term_string}"},"query-input":{"@type":"PropertyValueSpecification","valueRequired":true,"valueName":"search_term_string"}}],"inLanguage":"en-US"},{"@type":"Organization","@id":"https:\/\/circuitsfrontieres.com\/en\/#organization","name":"Circuits Fronti\u00e8res","url":"https:\/\/circuitsfrontieres.com\/en\/","logo":{"@type":"ImageObject","inLanguage":"en-US","@id":"https:\/\/circuitsfrontieres.com\/en\/#\/schema\/logo\/image\/","url":"https:\/\/circuitsfrontieres.com\/wp-content\/uploads\/2024\/04\/Logo_circuitsFrontieres.svg","contentUrl":"https:\/\/circuitsfrontieres.com\/wp-content\/uploads\/2024\/04\/Logo_circuitsFrontieres.svg","caption":"Circuits Fronti\u00e8res"},"image":{"@id":"https:\/\/circuitsfrontieres.com\/en\/#\/schema\/logo\/image\/"},"sameAs":["https:\/\/www.facebook.com\/CircuitsF","https:\/\/www.instagram.com\/circuits_frontieres\/"]}]}},"_links":{"self":[{"href":"https:\/\/circuitsfrontieres.com\/en\/wp-json\/wp\/v2\/pages\/349","targetHints":{"allow":["GET"]}}],"collection":[{"href":"https:\/\/circuitsfrontieres.com\/en\/wp-json\/wp\/v2\/pages"}],"about":[{"href":"https:\/\/circuitsfrontieres.com\/en\/wp-json\/wp\/v2\/types\/page"}],"author":[{"embeddable":true,"href":"https:\/\/circuitsfrontieres.com\/en\/wp-json\/wp\/v2\/users\/3"}],"replies":[{"embeddable":true,"href":"https:\/\/circuitsfrontieres.com\/en\/wp-json\/wp\/v2\/comments?post=349"}],"version-history":[{"count":0,"href":"https:\/\/circuitsfrontieres.com\/en\/wp-json\/wp\/v2\/pages\/349\/revisions"}],"wp:featuredmedia":[{"embeddable":true,"href":"https:\/\/circuitsfrontieres.com\/en\/wp-json\/wp\/v2\/media\/88"}],"wp:attachment":[{"href":"https:\/\/circuitsfrontieres.com\/en\/wp-json\/wp\/v2\/media?parent=349"}],"wp:term":[{"taxonomy":"categorie-pour-page","embeddable":true,"href":"https:\/\/circuitsfrontieres.com\/en\/wp-json\/wp\/v2\/categorie-pour-page?post=349"}],"curies":[{"name":"wp","href":"https:\/\/api.w.org\/{rel}","templated":true}]}}