{"id":353,"date":"2024-04-04T15:51:59","date_gmt":"2024-04-04T19:51:59","guid":{"rendered":"https:\/\/circuitsfrontieres.com\/good-to-know\/"},"modified":"2024-05-07T10:13:35","modified_gmt":"2024-05-07T14:13:35","slug":"good-to-know","status":"publish","type":"page","link":"https:\/\/circuitsfrontieres.com\/en\/good-to-know\/","title":{"rendered":"Good to know"},"content":{"rendered":"\t\t<div data-elementor-type=\"wp-page\" data-elementor-id=\"353\" class=\"elementor elementor-353 elementor-32\" data-elementor-post-type=\"page\">\n\t\t\t\t<div class=\"elementor-element elementor-element-7a73e3d e-flex e-con-boxed e-con e-parent\" data-id=\"7a73e3d\" data-element_type=\"container\" data-e-type=\"container\" data-settings=\"{&quot;jet_parallax_layout_list&quot;:[]}\">\n\t\t\t\t\t<div class=\"e-con-inner\">\n\t\t<div class=\"elementor-element elementor-element-9bbcb3b e-con-full padding0 e-flex e-con e-child\" data-id=\"9bbcb3b\" data-element_type=\"container\" data-e-type=\"container\" data-settings=\"{&quot;jet_parallax_layout_list&quot;:[]}\">\n\t\t\t\t<div class=\"elementor-element elementor-element-0e7eab6 elementor-widget elementor-widget-image\" data-id=\"0e7eab6\" data-element_type=\"widget\" data-e-type=\"widget\" data-widget_type=\"image.default\">\n\t\t\t\t<div class=\"elementor-widget-container\">\n\t\t\t\t\t\t\t\t\t\t\t\t\t\t\t<img fetchpriority=\"high\" decoding=\"async\" width=\"512\" height=\"512\" src=\"https:\/\/circuitsfrontieres.com\/wp-content\/uploads\/2024\/04\/pros-and-cons.png\" class=\"attachment-large size-large wp-image-68\" alt=\"\" srcset=\"https:\/\/circuitsfrontieres.com\/wp-content\/uploads\/2024\/04\/pros-and-cons.png 512w, https:\/\/circuitsfrontieres.com\/wp-content\/uploads\/2024\/04\/pros-and-cons-300x300.png 300w, https:\/\/circuitsfrontieres.com\/wp-content\/uploads\/2024\/04\/pros-and-cons-150x150.png 150w\" sizes=\"(max-width: 512px) 100vw, 512px\" \/>\t\t\t\t\t\t\t\t\t\t\t\t\t\t\t<\/div>\n\t\t\t\t<\/div>\n\t\t\t\t<\/div>\n\t\t<div class=\"elementor-element elementor-element-ae1b80e e-con-full padding0 e-flex e-con e-child\" data-id=\"ae1b80e\" data-element_type=\"container\" data-e-type=\"container\" data-settings=\"{&quot;jet_parallax_layout_list&quot;:[]}\">\n\t\t\t\t<div class=\"elementor-element elementor-element-efd55b6 elementor-widget elementor-widget-heading\" data-id=\"efd55b6\" data-element_type=\"widget\" data-e-type=\"widget\" data-widget_type=\"heading.default\">\n\t\t\t\t<div class=\"elementor-widget-container\">\n\t\t\t\t\t<h2 class=\"elementor-heading-title elementor-size-default\">Important to remember<\/h2>\t\t\t\t<\/div>\n\t\t\t\t<\/div>\n\t\t\t\t<div class=\"elementor-element elementor-element-6e3a97c elementor-widget elementor-widget-text-editor\" data-id=\"6e3a97c\" data-element_type=\"widget\" data-e-type=\"widget\" data-widget_type=\"text-editor.default\">\n\t\t\t\t<div class=\"elementor-widget-container\">\n\t\t\t\t\t\t\t\t\t<ul>\n<li>There are very few communication and emergency access points on the network (see yellow points on trail map). In case of emergency, contact the S\u00fbret\u00e9 du Qu\u00e9bec directly at 310-4141 or dial 911;<\/li>\n<li>There is no drinking water on site;<\/li>\n<li>There are no patrols on the trails. You and your peers are responsible for your own safety at all times; <\/li>\n<li>There are many risks inherent in mountain biking, such as injuries, falls, heatstroke, allergies caused by flora and fauna, insect bites (ticks), animal encounters, etc..;<\/li>\n<li>Dogs are allowed on the trails as long as they are kept on a leash;<\/li>\n<li>Helmets must be worn when mountain biking;<\/li>\n<li>Do not practise the activity under the influence of drugs or alcohol;<\/li>\n<li>Our bike trails are not marked or maintained during the winter season;<\/li>\n<li>Showers and a bike wash are available behind the village church.<\/li>\n<\/ul>\n\t\t\t\t\t\t\t\t<\/div>\n\t\t\t\t<\/div>\n\t\t\t\t<\/div>\n\t\t\t\t\t<\/div>\n\t\t\t\t<\/div>\n\t\t<div class=\"elementor-element elementor-element-fb3e11d e-flex e-con-boxed e-con e-parent\" data-id=\"fb3e11d\" data-element_type=\"container\" data-e-type=\"container\" data-settings=\"{&quot;background_background&quot;:&quot;classic&quot;,&quot;jet_parallax_layout_list&quot;:[]}\">\n\t\t\t\t\t<div class=\"e-con-inner\">\n\t\t<div class=\"elementor-element elementor-element-3ba326f e-con-full padding0 e-flex e-con e-child\" data-id=\"3ba326f\" data-element_type=\"container\" data-e-type=\"container\" data-settings=\"{&quot;jet_parallax_layout_list&quot;:[]}\">\n\t\t\t\t<div class=\"elementor-element elementor-element-1bde640 elementor-widget elementor-widget-image\" data-id=\"1bde640\" data-element_type=\"widget\" data-e-type=\"widget\" data-widget_type=\"image.default\">\n\t\t\t\t<div class=\"elementor-widget-container\">\n\t\t\t\t\t\t\t\t\t\t\t\t\t\t\t<img decoding=\"async\" width=\"512\" height=\"512\" src=\"https:\/\/circuitsfrontieres.com\/wp-content\/uploads\/2024\/04\/backpack.png\" class=\"attachment-large size-large wp-image-64\" alt=\"\" srcset=\"https:\/\/circuitsfrontieres.com\/wp-content\/uploads\/2024\/04\/backpack.png 512w, https:\/\/circuitsfrontieres.com\/wp-content\/uploads\/2024\/04\/backpack-300x300.png 300w, https:\/\/circuitsfrontieres.com\/wp-content\/uploads\/2024\/04\/backpack-150x150.png 150w\" sizes=\"(max-width: 512px) 100vw, 512px\" \/>\t\t\t\t\t\t\t\t\t\t\t\t\t\t\t<\/div>\n\t\t\t\t<\/div>\n\t\t\t\t<div class=\"elementor-element elementor-element-f6d7d6b elementor-widget elementor-widget-heading\" data-id=\"f6d7d6b\" data-element_type=\"widget\" data-e-type=\"widget\" data-widget_type=\"heading.default\">\n\t\t\t\t<div class=\"elementor-widget-container\">\n\t\t\t\t\t<h3 class=\"elementor-heading-title elementor-size-default\">Suggested equipment <\/h3>\t\t\t\t<\/div>\n\t\t\t\t<\/div>\n\t\t\t\t<div class=\"elementor-element elementor-element-768cd5a elementor-widget elementor-widget-text-editor\" data-id=\"768cd5a\" data-element_type=\"widget\" data-e-type=\"widget\" data-widget_type=\"text-editor.default\">\n\t\t\t\t<div class=\"elementor-widget-container\">\n\t\t\t\t\t\t\t\t\t<ul>\n<li>A sturdy helmet designed for mountain biking;<\/li>\n<li>Comfortable sneakers with a grippy sole, like those used for running or training. They&#8217;ll grip the pedals, but also come in handy if you have to walk a section; <\/li>\n<li>Sport-appropriate clothing (shorts or bib shorts, T-shirt);<\/li>\n<li>Gloves and elbow\/knee protection. At your discretion, but recommended to protect you in the event of a fall; <\/li>\n<li>Sufficient drinking water: bicycle bottle or water bottle in backpack;<\/li>\n<li>Snacks;<\/li>\n<li>Lunch if you plan to spend the day (there is no service on the trails; picnic tables are located near the parking lot in the village);<\/li>\n<li>A first-aid kit;<\/li>\n<li>A small basic repair kit to fix a broken chain, flat tire, etc;<\/li>\n<li>Insect repellent (mainly suggested at the beginning of the season);<\/li>\n<li>Photo ID in case of accident or incident.<\/li>\n<\/ul>\n\t\t\t\t\t\t\t\t<\/div>\n\t\t\t\t<\/div>\n\t\t\t\t<\/div>\n\t\t<div class=\"elementor-element elementor-element-4d231a4 e-con-full padding0 e-flex e-con e-child\" data-id=\"4d231a4\" data-element_type=\"container\" data-e-type=\"container\" data-settings=\"{&quot;jet_parallax_layout_list&quot;:[]}\">\n\t\t\t\t<div class=\"elementor-element elementor-element-adbe711 elementor-widget elementor-widget-image\" data-id=\"adbe711\" data-element_type=\"widget\" data-e-type=\"widget\" data-widget_type=\"image.default\">\n\t\t\t\t<div class=\"elementor-widget-container\">\n\t\t\t\t\t\t\t\t\t\t\t\t\t\t\t<img decoding=\"async\" width=\"512\" height=\"512\" src=\"https:\/\/circuitsfrontieres.com\/wp-content\/uploads\/2024\/04\/hiking.png\" class=\"attachment-large size-large wp-image-66\" alt=\"\" srcset=\"https:\/\/circuitsfrontieres.com\/wp-content\/uploads\/2024\/04\/hiking.png 512w, https:\/\/circuitsfrontieres.com\/wp-content\/uploads\/2024\/04\/hiking-300x300.png 300w, https:\/\/circuitsfrontieres.com\/wp-content\/uploads\/2024\/04\/hiking-150x150.png 150w\" sizes=\"(max-width: 512px) 100vw, 512px\" \/>\t\t\t\t\t\t\t\t\t\t\t\t\t\t\t<\/div>\n\t\t\t\t<\/div>\n\t\t\t\t<div class=\"elementor-element elementor-element-97b22f1 elementor-widget elementor-widget-heading\" data-id=\"97b22f1\" data-element_type=\"widget\" data-e-type=\"widget\" data-widget_type=\"heading.default\">\n\t\t\t\t<div class=\"elementor-widget-container\">\n\t\t\t\t\t<h3 class=\"elementor-heading-title elementor-size-default\">Before you leave<\/h3>\t\t\t\t<\/div>\n\t\t\t\t<\/div>\n\t\t\t\t<div class=\"elementor-element elementor-element-6cec52e elementor-widget elementor-widget-text-editor\" data-id=\"6cec52e\" data-element_type=\"widget\" data-e-type=\"widget\" data-widget_type=\"text-editor.default\">\n\t\t\t\t<div class=\"elementor-widget-container\">\n\t\t\t\t\t\t\t\t\t<ul>\n<li>We recommend that you pay your access fee before arriving to the site;<\/li>\n<li>Download the free Ondago application before leaving home. Cellular network coverage is rather poor in our area; <\/li>\n<li>Make sure your equipment is in good condition;<\/li>\n<li>Familiarize yourself with the map and its trails to identify their level of difficulty, length and communication points;<\/li>\n<li>Plan your activity in advance, taking into account sunshine hours and weather conditions;<\/li>\n<li>Notify someone close to you of your whereabouts.<\/li>\n<\/ul>\n\t\t\t\t\t\t\t\t<\/div>\n\t\t\t\t<\/div>\n\t\t\t\t<\/div>\n\t\t\t\t\t<\/div>\n\t\t\t\t<\/div>\n\t\t<div class=\"elementor-element elementor-element-17d770e e-flex e-con-boxed e-con e-parent\" data-id=\"17d770e\" data-element_type=\"container\" data-e-type=\"container\" data-settings=\"{&quot;jet_parallax_layout_list&quot;:[]}\">\n\t\t\t\t\t<div class=\"e-con-inner\">\n\t\t<div class=\"elementor-element elementor-element-dcc43f7 e-con-full e-flex e-con e-child\" data-id=\"dcc43f7\" data-element_type=\"container\" data-e-type=\"container\" data-settings=\"{&quot;jet_parallax_layout_list&quot;:[]}\">\n\t\t\t\t<div class=\"elementor-element elementor-element-a22441f elementor-widget elementor-widget-heading\" data-id=\"a22441f\" data-element_type=\"widget\" data-e-type=\"widget\" data-widget_type=\"heading.default\">\n\t\t\t\t<div class=\"elementor-widget-container\">\n\t\t\t\t\t<h3 class=\"elementor-heading-title elementor-size-default\">Acceptance of risk<\/h3>\t\t\t\t<\/div>\n\t\t\t\t<\/div>\n\t\t\t\t<div class=\"elementor-element elementor-element-c866ae5 elementor-widget elementor-widget-text-editor\" data-id=\"c866ae5\" data-element_type=\"widget\" data-e-type=\"widget\" data-widget_type=\"text-editor.default\">\n\t\t\t\t<div class=\"elementor-widget-container\">\n\t\t\t\t\t\t\t\t\t<p>By using Circuits Fronti\u00e8res&#8217; mountain bike trails, you accept that you may be exposed to risks and situations that could result in damage to your property, injury or death. Mountain biking activities take place in a rugged natural environment far from medical services, which could result in long delays in the event of an emergency requiring evacuation, and consequently, a possible worsening of your condition or injury. Circuits Fronti\u00e8res assumes that you have read this code of conduct and therefore acknowledge that you have been informed of the risks inherent in the activities and that you are in a position to undertake the activity <strong>in full knowledge of the facts and accepting the risks. <\/strong>  <\/p>\n<p>Circuits Fronti\u00e8res also assumes that you agree to abide by the organization&#8217;s rules and regulations and to play an active role in managing these risks by adopting a preventive attitude toward yourself and others around you. You understand that you are free to leave this activity at any time, for any reason. <\/p>\n\t\t\t\t\t\t\t\t<\/div>\n\t\t\t\t<\/div>\n\t\t\t\t<\/div>\n\t\t\t\t<div class=\"elementor-element elementor-element-b94cd25 elementor-widget elementor-widget-spacer\" data-id=\"b94cd25\" data-element_type=\"widget\" data-e-type=\"widget\" data-widget_type=\"spacer.default\">\n\t\t\t\t<div class=\"elementor-widget-container\">\n\t\t\t\t\t\t\t<div class=\"elementor-spacer\">\n\t\t\t<div class=\"elementor-spacer-inner\"><\/div>\n\t\t<\/div>\n\t\t\t\t\t\t<\/div>\n\t\t\t\t<\/div>\n\t\t\t\t\t<\/div>\n\t\t\t\t<\/div>\n\t\t\t\t<\/div>\n\t\t","protected":false},"excerpt":{"rendered":"<p>Important to remember There are very few communication and emergency access points on the network (see yellow points on trail map). In case of emergency, contact the S\u00fbret\u00e9 du Qu\u00e9bec directly at 310-4141 or dial 911; There is no drinking water on site; There are no patrols on the trails. You and your peers are [&hellip;]<\/p>\n","protected":false},"author":3,"featured_media":78,"parent":0,"menu_order":0,"comment_status":"closed","ping_status":"closed","template":"","meta":{"footnotes":""},"categorie-pour-page":[36],"class_list":["post-353","page","type-page","status-publish","has-post-thumbnail","hentry","categorie-pour-page-information"],"yoast_head":"<!-- This site is optimized with the Yoast SEO plugin v27.4 - https:\/\/yoast.com\/product\/yoast-seo-wordpress\/ -->\n<title>Good to know - Circuits Fronti\u00e8res<\/title>\n<meta name=\"robots\" content=\"index, follow, max-snippet:-1, max-image-preview:large, max-video-preview:-1\" \/>\n<link rel=\"canonical\" href=\"https:\/\/circuitsfrontieres.com\/en\/good-to-know\/\" \/>\n<meta property=\"og:locale\" content=\"en_US\" \/>\n<meta property=\"og:type\" content=\"article\" \/>\n<meta property=\"og:title\" content=\"Good to know - Circuits Fronti\u00e8res\" \/>\n<meta property=\"og:description\" content=\"Important to remember There are very few communication and emergency access points on the network (see yellow points on trail map). In case of emergency, contact the S\u00fbret\u00e9 du Qu\u00e9bec directly at 310-4141 or dial 911; There is no drinking water on site; There are no patrols on the trails. You and your peers are [&hellip;]\" \/>\n<meta property=\"og:url\" content=\"https:\/\/circuitsfrontieres.com\/en\/good-to-know\/\" \/>\n<meta property=\"og:site_name\" content=\"Circuits Fronti\u00e8res\" \/>\n<meta property=\"article:publisher\" content=\"https:\/\/www.facebook.com\/CircuitsF\" \/>\n<meta property=\"article:modified_time\" content=\"2024-05-07T14:13:35+00:00\" \/>\n<meta property=\"og:image\" content=\"https:\/\/circuitsfrontieres.com\/wp-content\/uploads\/2024\/04\/Photo-code-conduite.webp\" \/>\n\t<meta property=\"og:image:width\" content=\"2000\" \/>\n\t<meta property=\"og:image:height\" content=\"1119\" \/>\n\t<meta property=\"og:image:type\" content=\"image\/webp\" \/>\n<meta name=\"twitter:card\" content=\"summary_large_image\" \/>\n<meta name=\"twitter:label1\" content=\"Est. reading time\" \/>\n\t<meta name=\"twitter:data1\" content=\"3 minutes\" \/>\n<script type=\"application\/ld+json\" class=\"yoast-schema-graph\">{\"@context\":\"https:\\\/\\\/schema.org\",\"@graph\":[{\"@type\":\"WebPage\",\"@id\":\"https:\\\/\\\/circuitsfrontieres.com\\\/en\\\/good-to-know\\\/\",\"url\":\"https:\\\/\\\/circuitsfrontieres.com\\\/en\\\/good-to-know\\\/\",\"name\":\"Good to know - Circuits Fronti\u00e8res\",\"isPartOf\":{\"@id\":\"https:\\\/\\\/circuitsfrontieres.com\\\/en\\\/#website\"},\"primaryImageOfPage\":{\"@id\":\"https:\\\/\\\/circuitsfrontieres.com\\\/en\\\/good-to-know\\\/#primaryimage\"},\"image\":{\"@id\":\"https:\\\/\\\/circuitsfrontieres.com\\\/en\\\/good-to-know\\\/#primaryimage\"},\"thumbnailUrl\":\"https:\\\/\\\/circuitsfrontieres.com\\\/wp-content\\\/uploads\\\/2024\\\/04\\\/Photo-code-conduite.webp\",\"datePublished\":\"2024-04-04T19:51:59+00:00\",\"dateModified\":\"2024-05-07T14:13:35+00:00\",\"breadcrumb\":{\"@id\":\"https:\\\/\\\/circuitsfrontieres.com\\\/en\\\/good-to-know\\\/#breadcrumb\"},\"inLanguage\":\"en-US\",\"potentialAction\":[{\"@type\":\"ReadAction\",\"target\":[\"https:\\\/\\\/circuitsfrontieres.com\\\/en\\\/good-to-know\\\/\"]}]},{\"@type\":\"ImageObject\",\"inLanguage\":\"en-US\",\"@id\":\"https:\\\/\\\/circuitsfrontieres.com\\\/en\\\/good-to-know\\\/#primaryimage\",\"url\":\"https:\\\/\\\/circuitsfrontieres.com\\\/wp-content\\\/uploads\\\/2024\\\/04\\\/Photo-code-conduite.webp\",\"contentUrl\":\"https:\\\/\\\/circuitsfrontieres.com\\\/wp-content\\\/uploads\\\/2024\\\/04\\\/Photo-code-conduite.webp\",\"width\":2000,\"height\":1119},{\"@type\":\"BreadcrumbList\",\"@id\":\"https:\\\/\\\/circuitsfrontieres.com\\\/en\\\/good-to-know\\\/#breadcrumb\",\"itemListElement\":[{\"@type\":\"ListItem\",\"position\":1,\"name\":\"Accueil\",\"item\":\"https:\\\/\\\/circuitsfrontieres.com\\\/en\\\/home\\\/\"},{\"@type\":\"ListItem\",\"position\":2,\"name\":\"Good to know\"}]},{\"@type\":\"WebSite\",\"@id\":\"https:\\\/\\\/circuitsfrontieres.com\\\/en\\\/#website\",\"url\":\"https:\\\/\\\/circuitsfrontieres.com\\\/en\\\/\",\"name\":\"Circuits Fronti\u00e8res\",\"description\":\"\",\"publisher\":{\"@id\":\"https:\\\/\\\/circuitsfrontieres.com\\\/en\\\/#organization\"},\"potentialAction\":[{\"@type\":\"SearchAction\",\"target\":{\"@type\":\"EntryPoint\",\"urlTemplate\":\"https:\\\/\\\/circuitsfrontieres.com\\\/en\\\/?s={search_term_string}\"},\"query-input\":{\"@type\":\"PropertyValueSpecification\",\"valueRequired\":true,\"valueName\":\"search_term_string\"}}],\"inLanguage\":\"en-US\"},{\"@type\":\"Organization\",\"@id\":\"https:\\\/\\\/circuitsfrontieres.com\\\/en\\\/#organization\",\"name\":\"Circuits Fronti\u00e8res\",\"url\":\"https:\\\/\\\/circuitsfrontieres.com\\\/en\\\/\",\"logo\":{\"@type\":\"ImageObject\",\"inLanguage\":\"en-US\",\"@id\":\"https:\\\/\\\/circuitsfrontieres.com\\\/en\\\/#\\\/schema\\\/logo\\\/image\\\/\",\"url\":\"https:\\\/\\\/circuitsfrontieres.com\\\/wp-content\\\/uploads\\\/2024\\\/04\\\/Logo_circuitsFrontieres.svg\",\"contentUrl\":\"https:\\\/\\\/circuitsfrontieres.com\\\/wp-content\\\/uploads\\\/2024\\\/04\\\/Logo_circuitsFrontieres.svg\",\"caption\":\"Circuits Fronti\u00e8res\"},\"image\":{\"@id\":\"https:\\\/\\\/circuitsfrontieres.com\\\/en\\\/#\\\/schema\\\/logo\\\/image\\\/\"},\"sameAs\":[\"https:\\\/\\\/www.facebook.com\\\/CircuitsF\",\"https:\\\/\\\/www.instagram.com\\\/circuits_frontieres\\\/\"]}]}<\/script>\n<!-- \/ Yoast SEO plugin. -->","yoast_head_json":{"title":"Good to know - Circuits Fronti\u00e8res","robots":{"index":"index","follow":"follow","max-snippet":"max-snippet:-1","max-image-preview":"max-image-preview:large","max-video-preview":"max-video-preview:-1"},"canonical":"https:\/\/circuitsfrontieres.com\/en\/good-to-know\/","og_locale":"en_US","og_type":"article","og_title":"Good to know - Circuits Fronti\u00e8res","og_description":"Important to remember There are very few communication and emergency access points on the network (see yellow points on trail map). In case of emergency, contact the S\u00fbret\u00e9 du Qu\u00e9bec directly at 310-4141 or dial 911; There is no drinking water on site; There are no patrols on the trails. You and your peers are [&hellip;]","og_url":"https:\/\/circuitsfrontieres.com\/en\/good-to-know\/","og_site_name":"Circuits Fronti\u00e8res","article_publisher":"https:\/\/www.facebook.com\/CircuitsF","article_modified_time":"2024-05-07T14:13:35+00:00","og_image":[{"width":2000,"height":1119,"url":"https:\/\/circuitsfrontieres.com\/wp-content\/uploads\/2024\/04\/Photo-code-conduite.webp","type":"image\/webp"}],"twitter_card":"summary_large_image","twitter_misc":{"Est. reading time":"3 minutes"},"schema":{"@context":"https:\/\/schema.org","@graph":[{"@type":"WebPage","@id":"https:\/\/circuitsfrontieres.com\/en\/good-to-know\/","url":"https:\/\/circuitsfrontieres.com\/en\/good-to-know\/","name":"Good to know - Circuits Fronti\u00e8res","isPartOf":{"@id":"https:\/\/circuitsfrontieres.com\/en\/#website"},"primaryImageOfPage":{"@id":"https:\/\/circuitsfrontieres.com\/en\/good-to-know\/#primaryimage"},"image":{"@id":"https:\/\/circuitsfrontieres.com\/en\/good-to-know\/#primaryimage"},"thumbnailUrl":"https:\/\/circuitsfrontieres.com\/wp-content\/uploads\/2024\/04\/Photo-code-conduite.webp","datePublished":"2024-04-04T19:51:59+00:00","dateModified":"2024-05-07T14:13:35+00:00","breadcrumb":{"@id":"https:\/\/circuitsfrontieres.com\/en\/good-to-know\/#breadcrumb"},"inLanguage":"en-US","potentialAction":[{"@type":"ReadAction","target":["https:\/\/circuitsfrontieres.com\/en\/good-to-know\/"]}]},{"@type":"ImageObject","inLanguage":"en-US","@id":"https:\/\/circuitsfrontieres.com\/en\/good-to-know\/#primaryimage","url":"https:\/\/circuitsfrontieres.com\/wp-content\/uploads\/2024\/04\/Photo-code-conduite.webp","contentUrl":"https:\/\/circuitsfrontieres.com\/wp-content\/uploads\/2024\/04\/Photo-code-conduite.webp","width":2000,"height":1119},{"@type":"BreadcrumbList","@id":"https:\/\/circuitsfrontieres.com\/en\/good-to-know\/#breadcrumb","itemListElement":[{"@type":"ListItem","position":1,"name":"Accueil","item":"https:\/\/circuitsfrontieres.com\/en\/home\/"},{"@type":"ListItem","position":2,"name":"Good to know"}]},{"@type":"WebSite","@id":"https:\/\/circuitsfrontieres.com\/en\/#website","url":"https:\/\/circuitsfrontieres.com\/en\/","name":"Circuits Fronti\u00e8res","description":"","publisher":{"@id":"https:\/\/circuitsfrontieres.com\/en\/#organization"},"potentialAction":[{"@type":"SearchAction","target":{"@type":"EntryPoint","urlTemplate":"https:\/\/circuitsfrontieres.com\/en\/?s={search_term_string}"},"query-input":{"@type":"PropertyValueSpecification","valueRequired":true,"valueName":"search_term_string"}}],"inLanguage":"en-US"},{"@type":"Organization","@id":"https:\/\/circuitsfrontieres.com\/en\/#organization","name":"Circuits Fronti\u00e8res","url":"https:\/\/circuitsfrontieres.com\/en\/","logo":{"@type":"ImageObject","inLanguage":"en-US","@id":"https:\/\/circuitsfrontieres.com\/en\/#\/schema\/logo\/image\/","url":"https:\/\/circuitsfrontieres.com\/wp-content\/uploads\/2024\/04\/Logo_circuitsFrontieres.svg","contentUrl":"https:\/\/circuitsfrontieres.com\/wp-content\/uploads\/2024\/04\/Logo_circuitsFrontieres.svg","caption":"Circuits Fronti\u00e8res"},"image":{"@id":"https:\/\/circuitsfrontieres.com\/en\/#\/schema\/logo\/image\/"},"sameAs":["https:\/\/www.facebook.com\/CircuitsF","https:\/\/www.instagram.com\/circuits_frontieres\/"]}]}},"_links":{"self":[{"href":"https:\/\/circuitsfrontieres.com\/en\/wp-json\/wp\/v2\/pages\/353","targetHints":{"allow":["GET"]}}],"collection":[{"href":"https:\/\/circuitsfrontieres.com\/en\/wp-json\/wp\/v2\/pages"}],"about":[{"href":"https:\/\/circuitsfrontieres.com\/en\/wp-json\/wp\/v2\/types\/page"}],"author":[{"embeddable":true,"href":"https:\/\/circuitsfrontieres.com\/en\/wp-json\/wp\/v2\/users\/3"}],"replies":[{"embeddable":true,"href":"https:\/\/circuitsfrontieres.com\/en\/wp-json\/wp\/v2\/comments?post=353"}],"version-history":[{"count":0,"href":"https:\/\/circuitsfrontieres.com\/en\/wp-json\/wp\/v2\/pages\/353\/revisions"}],"wp:featuredmedia":[{"embeddable":true,"href":"https:\/\/circuitsfrontieres.com\/en\/wp-json\/wp\/v2\/media\/78"}],"wp:attachment":[{"href":"https:\/\/circuitsfrontieres.com\/en\/wp-json\/wp\/v2\/media?parent=353"}],"wp:term":[{"taxonomy":"categorie-pour-page","embeddable":true,"href":"https:\/\/circuitsfrontieres.com\/en\/wp-json\/wp\/v2\/categorie-pour-page?post=353"}],"curies":[{"name":"wp","href":"https:\/\/api.w.org\/{rel}","templated":true}]}}