{"id":358,"date":"2024-04-04T15:55:00","date_gmt":"2024-04-04T19:55:00","guid":{"rendered":"https:\/\/circuitsfrontieres.com\/contact-us\/"},"modified":"2024-05-08T12:05:47","modified_gmt":"2024-05-08T16:05:47","slug":"contact-us","status":"publish","type":"page","link":"https:\/\/circuitsfrontieres.com\/en\/contact-us\/","title":{"rendered":"Contact us"},"content":{"rendered":"\t\t<div data-elementor-type=\"wp-page\" data-elementor-id=\"358\" class=\"elementor elementor-358 elementor-39\" data-elementor-post-type=\"page\">\n\t\t\t\t<div class=\"elementor-element elementor-element-832efe0 e-flex e-con-boxed e-con e-parent\" data-id=\"832efe0\" data-element_type=\"container\" data-e-type=\"container\" data-settings=\"{&quot;jet_parallax_layout_list&quot;:[]}\">\n\t\t\t\t\t<div class=\"e-con-inner\">\n\t\t<div class=\"elementor-element elementor-element-9c2b9bb e-con-full padding0 e-flex e-con e-child\" data-id=\"9c2b9bb\" data-element_type=\"container\" data-e-type=\"container\" data-settings=\"{&quot;jet_parallax_layout_list&quot;:[]}\">\n\t\t\t\t<div class=\"elementor-element elementor-element-4b23a4e elementor-widget elementor-widget-heading\" data-id=\"4b23a4e\" data-element_type=\"widget\" data-e-type=\"widget\" data-widget_type=\"heading.default\">\n\t\t\t\t<div class=\"elementor-widget-container\">\n\t\t\t\t\t<h3 class=\"elementor-heading-title elementor-size-default\">ADDRESS<\/h3>\t\t\t\t<\/div>\n\t\t\t\t<\/div>\n\t\t\t\t<div class=\"elementor-element elementor-element-5298ee1 elementor-icon-list--layout-traditional elementor-list-item-link-full_width elementor-widget elementor-widget-icon-list\" data-id=\"5298ee1\" data-element_type=\"widget\" data-e-type=\"widget\" data-widget_type=\"icon-list.default\">\n\t\t\t\t<div class=\"elementor-widget-container\">\n\t\t\t\t\t\t\t<ul class=\"elementor-icon-list-items\">\n\t\t\t\t\t\t\t<li class=\"elementor-icon-list-item\">\n\t\t\t\t\t\t\t\t\t\t\t<span class=\"elementor-icon-list-icon\">\n\t\t\t\t\t\t\t<svg aria-hidden=\"true\" class=\"e-font-icon-svg e-fas-map-marker-alt\" viewBox=\"0 0 384 512\" xmlns=\"http:\/\/www.w3.org\/2000\/svg\"><path d=\"M172.268 501.67C26.97 291.031 0 269.413 0 192 0 85.961 85.961 0 192 0s192 85.961 192 192c0 77.413-26.97 99.031-172.268 309.67-9.535 13.774-29.93 13.773-39.464 0zM192 272c44.183 0 80-35.817 80-80s-35.817-80-80-80-80 35.817-80 80 35.817 80 80 80z\"><\/path><\/svg>\t\t\t\t\t\t<\/span>\n\t\t\t\t\t\t\t\t\t\t<span class=\"elementor-icon-list-text\">48, rue de l\u2019\u00c9glise, East Hereford Qu\u00e9bec, J0B IS0<\/span>\n\t\t\t\t\t\t\t\t\t<\/li>\n\t\t\t\t\t\t\t\t<li class=\"elementor-icon-list-item\">\n\t\t\t\t\t\t\t\t\t\t\t<a href=\"mailto:info@circuitsfrontieres.com\">\n\n\t\t\t\t\t\t\t\t\t\t\t\t<span class=\"elementor-icon-list-icon\">\n\t\t\t\t\t\t\t<svg aria-hidden=\"true\" class=\"e-font-icon-svg e-fas-envelope\" viewBox=\"0 0 512 512\" xmlns=\"http:\/\/www.w3.org\/2000\/svg\"><path d=\"M502.3 190.8c3.9-3.1 9.7-.2 9.7 4.7V400c0 26.5-21.5 48-48 48H48c-26.5 0-48-21.5-48-48V195.6c0-5 5.7-7.8 9.7-4.7 22.4 17.4 52.1 39.5 154.1 113.6 21.1 15.4 56.7 47.8 92.2 47.6 35.7.3 72-32.8 92.3-47.6 102-74.1 131.6-96.3 154-113.7zM256 320c23.2.4 56.6-29.2 73.4-41.4 132.7-96.3 142.8-104.7 173.4-128.7 5.8-4.5 9.2-11.5 9.2-18.9v-19c0-26.5-21.5-48-48-48H48C21.5 64 0 85.5 0 112v19c0 7.4 3.4 14.3 9.2 18.9 30.6 23.9 40.7 32.4 173.4 128.7 16.8 12.2 50.2 41.8 73.4 41.4z\"><\/path><\/svg>\t\t\t\t\t\t<\/span>\n\t\t\t\t\t\t\t\t\t\t<span class=\"elementor-icon-list-text\">info@circuitsfrontieres.com<\/span>\n\t\t\t\t\t\t\t\t\t\t\t<\/a>\n\t\t\t\t\t\t\t\t\t<\/li>\n\t\t\t\t\t\t<\/ul>\n\t\t\t\t\t\t<\/div>\n\t\t\t\t<\/div>\n\t\t\t\t<\/div>\n\t\t<div class=\"elementor-element elementor-element-d7850e4 e-con-full padding0 e-flex e-con e-child\" data-id=\"d7850e4\" data-element_type=\"container\" data-e-type=\"container\" data-settings=\"{&quot;jet_parallax_layout_list&quot;:[]}\">\n\t\t\t\t<div class=\"elementor-element elementor-element-df2934b elementor-widget elementor-widget-heading\" data-id=\"df2934b\" data-element_type=\"widget\" data-e-type=\"widget\" data-widget_type=\"heading.default\">\n\t\t\t\t<div class=\"elementor-widget-container\">\n\t\t\t\t\t<h3 class=\"elementor-heading-title elementor-size-default\">CONTACT FORM<\/h3>\t\t\t\t<\/div>\n\t\t\t\t<\/div>\n\t\t\t\t<div class=\"elementor-element elementor-element-cf5abd7 elementor-button-align-end elementor-widget elementor-widget-form\" data-id=\"cf5abd7\" data-element_type=\"widget\" data-e-type=\"widget\" data-settings=\"{&quot;step_next_label&quot;:&quot;Next&quot;,&quot;step_previous_label&quot;:&quot;Previous&quot;,&quot;button_width&quot;:&quot;100&quot;,&quot;step_type&quot;:&quot;number_text&quot;,&quot;step_icon_shape&quot;:&quot;circle&quot;}\" data-widget_type=\"form.default\">\n\t\t\t\t<div class=\"elementor-widget-container\">\n\t\t\t\t\t\t\t<form class=\"elementor-form\" method=\"post\" name=\"New form\" aria-label=\"New form\">\n\t\t\t<input type=\"hidden\" name=\"post_id\" value=\"358\"\/>\n\t\t\t<input type=\"hidden\" name=\"form_id\" value=\"cf5abd7\"\/>\n\t\t\t<input type=\"hidden\" name=\"referer_title\" value=\"Contact us - Circuits Fronti\u00e8res\" \/>\n\n\t\t\t\t\t\t\t<input type=\"hidden\" name=\"queried_id\" value=\"358\"\/>\n\t\t\t\n\t\t\t<div class=\"elementor-form-fields-wrapper elementor-labels-above\">\n\t\t\t\t\t\t\t\t<div class=\"elementor-field-type-text elementor-field-group elementor-column elementor-field-group-name elementor-col-50\">\n\t\t\t\t\t\t\t\t\t\t\t\t<label for=\"form-field-name\" class=\"elementor-field-label\">\n\t\t\t\t\t\t\t\tFirst name\t\t\t\t\t\t\t<\/label>\n\t\t\t\t\t\t\t\t\t\t\t\t\t\t<input size=\"1\" type=\"text\" name=\"form_fields[name]\" id=\"form-field-name\" class=\"elementor-field elementor-size-sm  elementor-field-textual\" placeholder=\"First name\">\n\t\t\t\t\t\t\t\t\t\t\t<\/div>\n\t\t\t\t\t\t\t\t<div class=\"elementor-field-type-text elementor-field-group elementor-column elementor-field-group-field_43b4b1f elementor-col-50\">\n\t\t\t\t\t\t\t\t\t\t\t\t<label for=\"form-field-field_43b4b1f\" class=\"elementor-field-label\">\n\t\t\t\t\t\t\t\tLast name\t\t\t\t\t\t\t<\/label>\n\t\t\t\t\t\t\t\t\t\t\t\t\t\t<input size=\"1\" type=\"text\" name=\"form_fields[field_43b4b1f]\" id=\"form-field-field_43b4b1f\" class=\"elementor-field elementor-size-sm  elementor-field-textual\" placeholder=\"Last name\">\n\t\t\t\t\t\t\t\t\t\t\t<\/div>\n\t\t\t\t\t\t\t\t<div class=\"elementor-field-type-email elementor-field-group elementor-column elementor-field-group-email elementor-col-100 elementor-field-required\">\n\t\t\t\t\t\t\t\t\t\t\t\t<label for=\"form-field-email\" class=\"elementor-field-label\">\n\t\t\t\t\t\t\t\tE-mail\t\t\t\t\t\t\t<\/label>\n\t\t\t\t\t\t\t\t\t\t\t\t\t\t<input size=\"1\" type=\"email\" name=\"form_fields[email]\" id=\"form-field-email\" class=\"elementor-field elementor-size-sm  elementor-field-textual\" placeholder=\"e-mail@email.com\" required=\"required\">\n\t\t\t\t\t\t\t\t\t\t\t<\/div>\n\t\t\t\t\t\t\t\t<div class=\"elementor-field-type-tel elementor-field-group elementor-column elementor-field-group-field_725d5cd elementor-col-100 elementor-field-required\">\n\t\t\t\t\t\t\t\t\t\t\t\t<label for=\"form-field-field_725d5cd\" class=\"elementor-field-label\">\n\t\t\t\t\t\t\t\tPhone number\t\t\t\t\t\t\t<\/label>\n\t\t\t\t\t\t\t\t<input size=\"1\" type=\"tel\" name=\"form_fields[field_725d5cd]\" id=\"form-field-field_725d5cd\" class=\"elementor-field elementor-size-sm  elementor-field-textual\" placeholder=\"xxx-xxx-xxxx\" required=\"required\" pattern=\"[0-9()#&amp;+*-=.]+\" title=\"Only numbers and phone characters (#, -, *, etc) are accepted.\">\n\n\t\t\t\t\t\t<\/div>\n\t\t\t\t\t\t\t\t<div class=\"elementor-field-type-textarea elementor-field-group elementor-column elementor-field-group-message elementor-col-100\">\n\t\t\t\t\t\t\t\t\t\t\t\t<label for=\"form-field-message\" class=\"elementor-field-label\">\n\t\t\t\t\t\t\t\tMessage\t\t\t\t\t\t\t<\/label>\n\t\t\t\t\t\t<textarea class=\"elementor-field-textual elementor-field  elementor-size-sm\" name=\"form_fields[message]\" id=\"form-field-message\" rows=\"4\" placeholder=\"Message\"><\/textarea>\t\t\t\t<\/div>\n\t\t\t\t\t\t\t\t<div class=\"elementor-field-group elementor-column elementor-field-type-submit elementor-col-100 e-form__buttons\">\n\t\t\t\t\t<button class=\"elementor-button elementor-size-sm\" type=\"submit\">\n\t\t\t\t\t\t<span class=\"elementor-button-content-wrapper\">\n\t\t\t\t\t\t\t\t\t\t\t\t\t\t\t\t\t\t\t\t\t\t<span class=\"elementor-button-text\">Send<\/span>\n\t\t\t\t\t\t\t\t\t\t\t\t\t<\/span>\n\t\t\t\t\t<\/button>\n\t\t\t\t<\/div>\n\t\t\t<\/div>\n\t\t<\/form>\n\t\t\t\t\t\t<\/div>\n\t\t\t\t<\/div>\n\t\t\t\t<\/div>\n\t\t\t\t\t<\/div>\n\t\t\t\t<\/div>\n\t\t<div class=\"elementor-element elementor-element-03f7398 e-flex e-con-boxed e-con e-parent\" data-id=\"03f7398\" data-element_type=\"container\" data-e-type=\"container\" data-settings=\"{&quot;jet_parallax_layout_list&quot;:[],&quot;background_background&quot;:&quot;classic&quot;}\">\n\t\t\t\t\t<div class=\"e-con-inner\">\n\t\t<div class=\"elementor-element elementor-element-f48d9d8 e-con-full padding0 e-flex e-con e-child\" data-id=\"f48d9d8\" data-element_type=\"container\" data-e-type=\"container\" data-settings=\"{&quot;jet_parallax_layout_list&quot;:[]}\">\n\t\t\t\t<div class=\"elementor-element elementor-element-33bc8d1 elementor-widget elementor-widget-heading\" data-id=\"33bc8d1\" data-element_type=\"widget\" data-e-type=\"widget\" data-widget_type=\"heading.default\">\n\t\t\t\t<div class=\"elementor-widget-container\">\n\t\t\t\t\t<h3 class=\"elementor-heading-title elementor-size-default\">BIKE RECEPTION KIOSK<\/h3>\t\t\t\t<\/div>\n\t\t\t\t<\/div>\n\t\t\t\t<div class=\"elementor-element elementor-element-1d7ec73 elementor-widget elementor-widget-text-editor\" data-id=\"1d7ec73\" data-element_type=\"widget\" data-e-type=\"widget\" data-widget_type=\"text-editor.default\">\n\t\t\t\t<div class=\"elementor-widget-container\">\n\t\t\t\t\t\t\t\t\t<p>The bike kiosk is located behind East Hereford church.<\/p>\n<p>You&#8217;ll find:<\/p>\n<ul>\n<li>A pay station where you can pay your access fee in cash. However, we strongly recommend that you pay online. <\/li>\n<li>Maps of our trails. It is preferable to use the Ondago mobile application. <\/li>\n<li>Shower facilities<\/li>\n<li>Bike wash<\/li>\n<\/ul>\n\t\t\t\t\t\t\t\t<\/div>\n\t\t\t\t<\/div>\n\t\t\t\t<\/div>\n\t\t<div class=\"elementor-element elementor-element-3b01518 e-con-full padding0 e-flex e-con e-child\" data-id=\"3b01518\" data-element_type=\"container\" data-e-type=\"container\" data-settings=\"{&quot;jet_parallax_layout_list&quot;:[]}\">\n\t\t\t\t<div class=\"elementor-element elementor-element-6480214 elementor-widget elementor-widget-heading\" data-id=\"6480214\" data-element_type=\"widget\" data-e-type=\"widget\" data-widget_type=\"heading.default\">\n\t\t\t\t<div class=\"elementor-widget-container\">\n\t\t\t\t\t<h3 class=\"elementor-heading-title elementor-size-default\">BACK-COUNTRY SKIING RECEPTION KIOSK<\/h3>\t\t\t\t<\/div>\n\t\t\t\t<\/div>\n\t\t\t\t<div class=\"elementor-element elementor-element-6d2552e elementor-widget elementor-widget-text-editor\" data-id=\"6d2552e\" data-element_type=\"widget\" data-e-type=\"widget\" data-widget_type=\"text-editor.default\">\n\t\t\t\t<div class=\"elementor-widget-container\">\n\t\t\t\t\t\t\t\t\t<p>The welcome kiosk is located in the For\u00eat Hereford hiking trails parking lot at 557 ch. de Coaticook in East Hereford, just 22 km from Coaticook. <\/p>\n<p>You&#8217;ll find:<\/p>\n<ul>\n<li>A pay station where you can pay your access fee in cash. However, we strongly recommend that you pay online. <\/li>\n<\/ul>\n\t\t\t\t\t\t\t\t<\/div>\n\t\t\t\t<\/div>\n\t\t\t\t<\/div>\n\t\t\t\t\t<\/div>\n\t\t\t\t<\/div>\n\t\t<div class=\"elementor-element elementor-element-6c9d956 e-flex e-con-boxed e-con e-parent\" data-id=\"6c9d956\" data-element_type=\"container\" data-e-type=\"container\" data-settings=\"{&quot;background_background&quot;:&quot;classic&quot;,&quot;jet_parallax_layout_list&quot;:[]}\">\n\t\t\t\t\t<div class=\"e-con-inner\">\n\t\t\t\t<div class=\"elementor-element elementor-element-1813cba elementor-widget elementor-widget-heading\" data-id=\"1813cba\" data-element_type=\"widget\" data-e-type=\"widget\" data-widget_type=\"heading.default\">\n\t\t\t\t<div class=\"elementor-widget-container\">\n\t\t\t\t\t<h3 class=\"elementor-heading-title elementor-size-default\">IN CASE OF EMERGENCY<\/h3>\t\t\t\t<\/div>\n\t\t\t\t<\/div>\n\t\t\t\t<div class=\"elementor-element elementor-element-f6faa63 elementor-widget elementor-widget-text-editor\" data-id=\"f6faa63\" data-element_type=\"widget\" data-e-type=\"widget\" data-widget_type=\"text-editor.default\">\n\t\t\t\t<div class=\"elementor-widget-container\">\n\t\t\t\t\t\t\t\t\t<p>Contact the S\u00fbret\u00e9 du Qu\u00e9bec directly at 310-4141 or<br \/>dial 911.<\/p>\n<p>Please note that cell phones do not work everywhere on our network.<\/p>\n\t\t\t\t\t\t\t\t<\/div>\n\t\t\t\t<\/div>\n\t\t\t\t<div class=\"elementor-element elementor-element-3f1b4d9 elementor-widget elementor-widget-spacer\" data-id=\"3f1b4d9\" data-element_type=\"widget\" data-e-type=\"widget\" data-widget_type=\"spacer.default\">\n\t\t\t\t<div class=\"elementor-widget-container\">\n\t\t\t\t\t\t\t<div class=\"elementor-spacer\">\n\t\t\t<div class=\"elementor-spacer-inner\"><\/div>\n\t\t<\/div>\n\t\t\t\t\t\t<\/div>\n\t\t\t\t<\/div>\n\t\t\t\t\t<\/div>\n\t\t\t\t<\/div>\n\t\t\t\t<\/div>\n\t\t","protected":false},"excerpt":{"rendered":"<p>ADDRESS 48, rue de l\u2019\u00c9glise, East Hereford Qu\u00e9bec, J0B IS0 info@circuitsfrontieres.com CONTACT FORM BIKE RECEPTION KIOSK The bike kiosk is located behind East Hereford church. You&#8217;ll find: A pay station where you can pay your access fee in cash. However, we strongly recommend that you pay online. Maps of our trails. It is preferable to [&hellip;]<\/p>\n","protected":false},"author":3,"featured_media":86,"parent":0,"menu_order":0,"comment_status":"closed","ping_status":"closed","template":"","meta":{"footnotes":""},"categorie-pour-page":[],"class_list":["post-358","page","type-page","status-publish","has-post-thumbnail","hentry"],"yoast_head":"<!-- This site is optimized with the Yoast SEO plugin v27.4 - https:\/\/yoast.com\/product\/yoast-seo-wordpress\/ -->\n<title>Contact us - Circuits Fronti\u00e8res<\/title>\n<meta name=\"robots\" content=\"index, follow, max-snippet:-1, max-image-preview:large, max-video-preview:-1\" \/>\n<link rel=\"canonical\" href=\"https:\/\/circuitsfrontieres.com\/en\/contact-us\/\" \/>\n<meta property=\"og:locale\" content=\"en_US\" \/>\n<meta property=\"og:type\" content=\"article\" \/>\n<meta property=\"og:title\" content=\"Contact us - Circuits Fronti\u00e8res\" \/>\n<meta property=\"og:description\" content=\"ADDRESS 48, rue de l\u2019\u00c9glise, East Hereford Qu\u00e9bec, J0B IS0 info@circuitsfrontieres.com CONTACT FORM BIKE RECEPTION KIOSK The bike kiosk is located behind East Hereford church. You&#8217;ll find: A pay station where you can pay your access fee in cash. However, we strongly recommend that you pay online. Maps of our trails. It is preferable to [&hellip;]\" \/>\n<meta property=\"og:url\" content=\"https:\/\/circuitsfrontieres.com\/en\/contact-us\/\" \/>\n<meta property=\"og:site_name\" content=\"Circuits Fronti\u00e8res\" \/>\n<meta property=\"article:publisher\" content=\"https:\/\/www.facebook.com\/CircuitsF\" \/>\n<meta property=\"article:modified_time\" content=\"2024-05-08T16:05:47+00:00\" \/>\n<meta property=\"og:image\" content=\"https:\/\/circuitsfrontieres.com\/wp-content\/uploads\/2024\/04\/Photo-Nous-joindre.webp\" \/>\n\t<meta property=\"og:image:width\" content=\"1200\" \/>\n\t<meta property=\"og:image:height\" content=\"800\" \/>\n\t<meta property=\"og:image:type\" content=\"image\/webp\" \/>\n<meta name=\"twitter:card\" content=\"summary_large_image\" \/>\n<meta name=\"twitter:label1\" content=\"Est. reading time\" \/>\n\t<meta name=\"twitter:data1\" content=\"1 minute\" \/>\n<script type=\"application\/ld+json\" class=\"yoast-schema-graph\">{\"@context\":\"https:\\\/\\\/schema.org\",\"@graph\":[{\"@type\":\"WebPage\",\"@id\":\"https:\\\/\\\/circuitsfrontieres.com\\\/en\\\/contact-us\\\/\",\"url\":\"https:\\\/\\\/circuitsfrontieres.com\\\/en\\\/contact-us\\\/\",\"name\":\"Contact us - Circuits Fronti\u00e8res\",\"isPartOf\":{\"@id\":\"https:\\\/\\\/circuitsfrontieres.com\\\/en\\\/#website\"},\"primaryImageOfPage\":{\"@id\":\"https:\\\/\\\/circuitsfrontieres.com\\\/en\\\/contact-us\\\/#primaryimage\"},\"image\":{\"@id\":\"https:\\\/\\\/circuitsfrontieres.com\\\/en\\\/contact-us\\\/#primaryimage\"},\"thumbnailUrl\":\"https:\\\/\\\/circuitsfrontieres.com\\\/wp-content\\\/uploads\\\/2024\\\/04\\\/Photo-Nous-joindre.webp\",\"datePublished\":\"2024-04-04T19:55:00+00:00\",\"dateModified\":\"2024-05-08T16:05:47+00:00\",\"breadcrumb\":{\"@id\":\"https:\\\/\\\/circuitsfrontieres.com\\\/en\\\/contact-us\\\/#breadcrumb\"},\"inLanguage\":\"en-US\",\"potentialAction\":[{\"@type\":\"ReadAction\",\"target\":[\"https:\\\/\\\/circuitsfrontieres.com\\\/en\\\/contact-us\\\/\"]}]},{\"@type\":\"ImageObject\",\"inLanguage\":\"en-US\",\"@id\":\"https:\\\/\\\/circuitsfrontieres.com\\\/en\\\/contact-us\\\/#primaryimage\",\"url\":\"https:\\\/\\\/circuitsfrontieres.com\\\/wp-content\\\/uploads\\\/2024\\\/04\\\/Photo-Nous-joindre.webp\",\"contentUrl\":\"https:\\\/\\\/circuitsfrontieres.com\\\/wp-content\\\/uploads\\\/2024\\\/04\\\/Photo-Nous-joindre.webp\",\"width\":1200,\"height\":800},{\"@type\":\"BreadcrumbList\",\"@id\":\"https:\\\/\\\/circuitsfrontieres.com\\\/en\\\/contact-us\\\/#breadcrumb\",\"itemListElement\":[{\"@type\":\"ListItem\",\"position\":1,\"name\":\"Accueil\",\"item\":\"https:\\\/\\\/circuitsfrontieres.com\\\/en\\\/home\\\/\"},{\"@type\":\"ListItem\",\"position\":2,\"name\":\"Contact us\"}]},{\"@type\":\"WebSite\",\"@id\":\"https:\\\/\\\/circuitsfrontieres.com\\\/en\\\/#website\",\"url\":\"https:\\\/\\\/circuitsfrontieres.com\\\/en\\\/\",\"name\":\"Circuits Fronti\u00e8res\",\"description\":\"\",\"publisher\":{\"@id\":\"https:\\\/\\\/circuitsfrontieres.com\\\/en\\\/#organization\"},\"potentialAction\":[{\"@type\":\"SearchAction\",\"target\":{\"@type\":\"EntryPoint\",\"urlTemplate\":\"https:\\\/\\\/circuitsfrontieres.com\\\/en\\\/?s={search_term_string}\"},\"query-input\":{\"@type\":\"PropertyValueSpecification\",\"valueRequired\":true,\"valueName\":\"search_term_string\"}}],\"inLanguage\":\"en-US\"},{\"@type\":\"Organization\",\"@id\":\"https:\\\/\\\/circuitsfrontieres.com\\\/en\\\/#organization\",\"name\":\"Circuits Fronti\u00e8res\",\"url\":\"https:\\\/\\\/circuitsfrontieres.com\\\/en\\\/\",\"logo\":{\"@type\":\"ImageObject\",\"inLanguage\":\"en-US\",\"@id\":\"https:\\\/\\\/circuitsfrontieres.com\\\/en\\\/#\\\/schema\\\/logo\\\/image\\\/\",\"url\":\"https:\\\/\\\/circuitsfrontieres.com\\\/wp-content\\\/uploads\\\/2024\\\/04\\\/Logo_circuitsFrontieres.svg\",\"contentUrl\":\"https:\\\/\\\/circuitsfrontieres.com\\\/wp-content\\\/uploads\\\/2024\\\/04\\\/Logo_circuitsFrontieres.svg\",\"caption\":\"Circuits Fronti\u00e8res\"},\"image\":{\"@id\":\"https:\\\/\\\/circuitsfrontieres.com\\\/en\\\/#\\\/schema\\\/logo\\\/image\\\/\"},\"sameAs\":[\"https:\\\/\\\/www.facebook.com\\\/CircuitsF\",\"https:\\\/\\\/www.instagram.com\\\/circuits_frontieres\\\/\"]}]}<\/script>\n<!-- \/ Yoast SEO plugin. -->","yoast_head_json":{"title":"Contact us - Circuits Fronti\u00e8res","robots":{"index":"index","follow":"follow","max-snippet":"max-snippet:-1","max-image-preview":"max-image-preview:large","max-video-preview":"max-video-preview:-1"},"canonical":"https:\/\/circuitsfrontieres.com\/en\/contact-us\/","og_locale":"en_US","og_type":"article","og_title":"Contact us - Circuits Fronti\u00e8res","og_description":"ADDRESS 48, rue de l\u2019\u00c9glise, East Hereford Qu\u00e9bec, J0B IS0 info@circuitsfrontieres.com CONTACT FORM BIKE RECEPTION KIOSK The bike kiosk is located behind East Hereford church. You&#8217;ll find: A pay station where you can pay your access fee in cash. However, we strongly recommend that you pay online. Maps of our trails. It is preferable to [&hellip;]","og_url":"https:\/\/circuitsfrontieres.com\/en\/contact-us\/","og_site_name":"Circuits Fronti\u00e8res","article_publisher":"https:\/\/www.facebook.com\/CircuitsF","article_modified_time":"2024-05-08T16:05:47+00:00","og_image":[{"width":1200,"height":800,"url":"https:\/\/circuitsfrontieres.com\/wp-content\/uploads\/2024\/04\/Photo-Nous-joindre.webp","type":"image\/webp"}],"twitter_card":"summary_large_image","twitter_misc":{"Est. reading time":"1 minute"},"schema":{"@context":"https:\/\/schema.org","@graph":[{"@type":"WebPage","@id":"https:\/\/circuitsfrontieres.com\/en\/contact-us\/","url":"https:\/\/circuitsfrontieres.com\/en\/contact-us\/","name":"Contact us - Circuits Fronti\u00e8res","isPartOf":{"@id":"https:\/\/circuitsfrontieres.com\/en\/#website"},"primaryImageOfPage":{"@id":"https:\/\/circuitsfrontieres.com\/en\/contact-us\/#primaryimage"},"image":{"@id":"https:\/\/circuitsfrontieres.com\/en\/contact-us\/#primaryimage"},"thumbnailUrl":"https:\/\/circuitsfrontieres.com\/wp-content\/uploads\/2024\/04\/Photo-Nous-joindre.webp","datePublished":"2024-04-04T19:55:00+00:00","dateModified":"2024-05-08T16:05:47+00:00","breadcrumb":{"@id":"https:\/\/circuitsfrontieres.com\/en\/contact-us\/#breadcrumb"},"inLanguage":"en-US","potentialAction":[{"@type":"ReadAction","target":["https:\/\/circuitsfrontieres.com\/en\/contact-us\/"]}]},{"@type":"ImageObject","inLanguage":"en-US","@id":"https:\/\/circuitsfrontieres.com\/en\/contact-us\/#primaryimage","url":"https:\/\/circuitsfrontieres.com\/wp-content\/uploads\/2024\/04\/Photo-Nous-joindre.webp","contentUrl":"https:\/\/circuitsfrontieres.com\/wp-content\/uploads\/2024\/04\/Photo-Nous-joindre.webp","width":1200,"height":800},{"@type":"BreadcrumbList","@id":"https:\/\/circuitsfrontieres.com\/en\/contact-us\/#breadcrumb","itemListElement":[{"@type":"ListItem","position":1,"name":"Accueil","item":"https:\/\/circuitsfrontieres.com\/en\/home\/"},{"@type":"ListItem","position":2,"name":"Contact us"}]},{"@type":"WebSite","@id":"https:\/\/circuitsfrontieres.com\/en\/#website","url":"https:\/\/circuitsfrontieres.com\/en\/","name":"Circuits Fronti\u00e8res","description":"","publisher":{"@id":"https:\/\/circuitsfrontieres.com\/en\/#organization"},"potentialAction":[{"@type":"SearchAction","target":{"@type":"EntryPoint","urlTemplate":"https:\/\/circuitsfrontieres.com\/en\/?s={search_term_string}"},"query-input":{"@type":"PropertyValueSpecification","valueRequired":true,"valueName":"search_term_string"}}],"inLanguage":"en-US"},{"@type":"Organization","@id":"https:\/\/circuitsfrontieres.com\/en\/#organization","name":"Circuits Fronti\u00e8res","url":"https:\/\/circuitsfrontieres.com\/en\/","logo":{"@type":"ImageObject","inLanguage":"en-US","@id":"https:\/\/circuitsfrontieres.com\/en\/#\/schema\/logo\/image\/","url":"https:\/\/circuitsfrontieres.com\/wp-content\/uploads\/2024\/04\/Logo_circuitsFrontieres.svg","contentUrl":"https:\/\/circuitsfrontieres.com\/wp-content\/uploads\/2024\/04\/Logo_circuitsFrontieres.svg","caption":"Circuits Fronti\u00e8res"},"image":{"@id":"https:\/\/circuitsfrontieres.com\/en\/#\/schema\/logo\/image\/"},"sameAs":["https:\/\/www.facebook.com\/CircuitsF","https:\/\/www.instagram.com\/circuits_frontieres\/"]}]}},"_links":{"self":[{"href":"https:\/\/circuitsfrontieres.com\/en\/wp-json\/wp\/v2\/pages\/358","targetHints":{"allow":["GET"]}}],"collection":[{"href":"https:\/\/circuitsfrontieres.com\/en\/wp-json\/wp\/v2\/pages"}],"about":[{"href":"https:\/\/circuitsfrontieres.com\/en\/wp-json\/wp\/v2\/types\/page"}],"author":[{"embeddable":true,"href":"https:\/\/circuitsfrontieres.com\/en\/wp-json\/wp\/v2\/users\/3"}],"replies":[{"embeddable":true,"href":"https:\/\/circuitsfrontieres.com\/en\/wp-json\/wp\/v2\/comments?post=358"}],"version-history":[{"count":0,"href":"https:\/\/circuitsfrontieres.com\/en\/wp-json\/wp\/v2\/pages\/358\/revisions"}],"wp:featuredmedia":[{"embeddable":true,"href":"https:\/\/circuitsfrontieres.com\/en\/wp-json\/wp\/v2\/media\/86"}],"wp:attachment":[{"href":"https:\/\/circuitsfrontieres.com\/en\/wp-json\/wp\/v2\/media?parent=358"}],"wp:term":[{"taxonomy":"categorie-pour-page","embeddable":true,"href":"https:\/\/circuitsfrontieres.com\/en\/wp-json\/wp\/v2\/categorie-pour-page?post=358"}],"curies":[{"name":"wp","href":"https:\/\/api.w.org\/{rel}","templated":true}]}}